{"id":12,"date":"2024-08-29T17:21:27","date_gmt":"2024-08-29T17:21:27","guid":{"rendered":"https:\/\/advohc.com\/?page_id=12"},"modified":"2025-02-02T02:50:17","modified_gmt":"2025-02-02T02:50:17","slug":"employment","status":"publish","type":"page","link":"https:\/\/advohc.com\/pt\/employment\/","title":{"rendered":"Emprego"},"content":{"rendered":"<div data-elementor-type=\"wp-page\" data-elementor-id=\"12\" class=\"elementor elementor-12\" data-elementor-post-type=\"page\">\n\t\t\t\t<div class=\"elementor-element elementor-element-4527394 e-flex e-con-boxed e-con e-parent\" data-id=\"4527394\" data-element_type=\"container\" data-e-type=\"container\" data-settings=\"{&quot;background_background&quot;:&quot;classic&quot;}\">\n\t\t\t\t\t<div class=\"e-con-inner\">\n\t\t<div class=\"elementor-element elementor-element-a56162d e-con-full e-flex e-con e-child\" data-id=\"a56162d\" data-element_type=\"container\" data-e-type=\"container\">\n\t\t\t\t<div class=\"elementor-element elementor-element-070229c elementor-widget elementor-widget-heading\" data-id=\"070229c\" data-element_type=\"widget\" data-e-type=\"widget\" data-widget_type=\"heading.default\">\n\t\t\t\t<div class=\"elementor-widget-container\">\n\t\t\t\t\t<h1 class=\"elementor-heading-title elementor-size-default\">Emprego<\/h1>\t\t\t\t<\/div>\n\t\t\t\t<\/div>\n\t\t\t\t<div class=\"elementor-element elementor-element-0a21635 elementor-widget-divider--view-line elementor-widget elementor-widget-divider\" data-id=\"0a21635\" data-element_type=\"widget\" data-e-type=\"widget\" data-widget_type=\"divider.default\">\n\t\t\t\t<div class=\"elementor-widget-container\">\n\t\t\t\t\t\t\t<div class=\"elementor-divider\">\n\t\t\t<span class=\"elementor-divider-separator\">\n\t\t\t\t\t\t<\/span>\n\t\t<\/div>\n\t\t\t\t\t\t<\/div>\n\t\t\t\t<\/div>\n\t\t\t\t<div class=\"elementor-element elementor-element-0a00d80 elementor-align-center elementor-widget elementor-widget-breadcrumbs\" data-id=\"0a00d80\" data-element_type=\"widget\" data-e-type=\"widget\" data-widget_type=\"breadcrumbs.default\">\n\t\t\t\t<div class=\"elementor-widget-container\">\n\t\t\t\t\t<p id=\"breadcrumbs\"><span><span><a href=\"https:\/\/advohc.com\/pt\/\">In\u00edcio<\/a><\/span><\/span><\/p>\t\t\t\t<\/div>\n\t\t\t\t<\/div>\n\t\t\t\t<\/div>\n\t\t\t\t\t<\/div>\n\t\t\t\t<\/div>\n\t\t<div class=\"elementor-element elementor-element-e1c4d26 e-flex e-con-boxed e-con e-parent\" data-id=\"e1c4d26\" data-element_type=\"container\" data-e-type=\"container\">\n\t\t\t\t\t<div class=\"e-con-inner\">\n\t\t<div class=\"elementor-element elementor-element-ec53038 e-con-full e-flex e-con e-child\" data-id=\"ec53038\" data-element_type=\"container\" data-e-type=\"container\">\n\t\t\t\t<div class=\"elementor-element elementor-element-b243b57 elementor-widget elementor-widget-heading\" data-id=\"b243b57\" data-element_type=\"widget\" data-e-type=\"widget\" data-widget_type=\"heading.default\">\n\t\t\t\t<div class=\"elementor-widget-container\">\n\t\t\t\t\t<h2 class=\"elementor-heading-title elementor-size-default\">Fa\u00e7a parte da equipe da Advocates for Homecare\n<\/h2>\t\t\t\t<\/div>\n\t\t\t\t<\/div>\n\t\t\t\t<div class=\"elementor-element elementor-element-6342d47 elementor-widget-divider--view-line elementor-widget elementor-widget-divider\" data-id=\"6342d47\" data-element_type=\"widget\" data-e-type=\"widget\" data-widget_type=\"divider.default\">\n\t\t\t\t<div class=\"elementor-widget-container\">\n\t\t\t\t\t\t\t<div class=\"elementor-divider\">\n\t\t\t<span class=\"elementor-divider-separator\">\n\t\t\t\t\t\t<\/span>\n\t\t<\/div>\n\t\t\t\t\t\t<\/div>\n\t\t\t\t<\/div>\n\t\t\t\t<div class=\"elementor-element elementor-element-17f35b8 elementor-widget elementor-widget-text-editor\" data-id=\"17f35b8\" data-element_type=\"widget\" data-e-type=\"widget\" data-widget_type=\"text-editor.default\">\n\t\t\t\t<div class=\"elementor-widget-container\">\n\t\t\t\t\t\t\t\t\t<p>Na Advocates for Homecare, acreditamos que um atendimento excepcional come\u00e7a com cuidadores excepcionais. Se voc\u00ea tem paix\u00e3o por ajudar os outros e o compromisso de fazer uma diferen\u00e7a positiva na vida das pessoas, n\u00f3s o convidamos a fazer parte da nossa equipe de profissionais dedicados de atendimento domiciliar.<\/p>\t\t\t\t\t\t\t\t<\/div>\n\t\t\t\t<\/div>\n\t\t\t\t<\/div>\n\t\t<div class=\"elementor-element elementor-element-fa42891 e-con-full e-flex e-con e-child\" data-id=\"fa42891\" data-element_type=\"container\" data-e-type=\"container\">\n\t\t<div class=\"elementor-element elementor-element-b224e0e e-con-full e-flex e-con e-child\" data-id=\"b224e0e\" data-element_type=\"container\" data-e-type=\"container\">\n\t\t\t\t<div class=\"elementor-element elementor-element-c2c9930 elementor-widget elementor-widget-heading\" data-id=\"c2c9930\" data-element_type=\"widget\" data-e-type=\"widget\" data-widget_type=\"heading.default\">\n\t\t\t\t<div class=\"elementor-widget-container\">\n\t\t\t\t\t<h2 class=\"elementor-heading-title elementor-size-default\">Por que trabalhar conosco?\n<\/h2>\t\t\t\t<\/div>\n\t\t\t\t<\/div>\n\t\t\t\t<div class=\"elementor-element elementor-element-6387aba elementor-widget-divider--view-line elementor-widget elementor-widget-divider\" data-id=\"6387aba\" data-element_type=\"widget\" data-e-type=\"widget\" data-widget_type=\"divider.default\">\n\t\t\t\t<div class=\"elementor-widget-container\">\n\t\t\t\t\t\t\t<div class=\"elementor-divider\">\n\t\t\t<span class=\"elementor-divider-separator\">\n\t\t\t\t\t\t<\/span>\n\t\t<\/div>\n\t\t\t\t\t\t<\/div>\n\t\t\t\t<\/div>\n\t\t\t\t<div class=\"elementor-element elementor-element-666fd4e elementor-position-left elementor-vertical-align-top elementor-widget elementor-widget-image-box\" data-id=\"666fd4e\" data-element_type=\"widget\" data-e-type=\"widget\" data-widget_type=\"image-box.default\">\n\t\t\t\t<div class=\"elementor-widget-container\">\n\t\t\t\t\t<div class=\"elementor-image-box-wrapper\"><figure class=\"elementor-image-box-img\"><img fetchpriority=\"high\" decoding=\"async\" width=\"512\" height=\"512\" src=\"https:\/\/advohc.com\/wp-content\/uploads\/2024\/08\/medical-team.png\" class=\"attachment-full size-full wp-image-238\" alt=\"\" srcset=\"https:\/\/advohc.com\/wp-content\/uploads\/2024\/08\/medical-team.png 512w, https:\/\/advohc.com\/wp-content\/uploads\/2024\/08\/medical-team-300x300.png 300w, https:\/\/advohc.com\/wp-content\/uploads\/2024\/08\/medical-team-150x150.png 150w\" sizes=\"(max-width: 512px) 100vw, 512px\" \/><\/figure><div class=\"elementor-image-box-content\"><h3 class=\"elementor-image-box-title\">Fa\u00e7a parte de uma comunidade atenciosa<\/h3><p class=\"elementor-image-box-description\">Quando voc\u00ea se junta \u00e0 Advocates for Homecare, voc\u00ea se torna parte de uma comunidade compassiva e solid\u00e1ria de cuidadores que compartilham sua paix\u00e3o por ajudar os outros. Valorizamos o trabalho em equipe, a empatia e o respeito, e estamos aqui para apoi\u00e1-lo enquanto voc\u00ea faz a diferen\u00e7a na vida das pessoas que atendemos.<\/p><\/div><\/div>\t\t\t\t<\/div>\n\t\t\t\t<\/div>\n\t\t\t\t<div class=\"elementor-element elementor-element-e1bd5aa elementor-position-left elementor-vertical-align-top elementor-widget elementor-widget-image-box\" data-id=\"e1bd5aa\" data-element_type=\"widget\" data-e-type=\"widget\" data-widget_type=\"image-box.default\">\n\t\t\t\t<div class=\"elementor-widget-container\">\n\t\t\t\t\t<div class=\"elementor-image-box-wrapper\"><figure class=\"elementor-image-box-img\"><img decoding=\"async\" width=\"512\" height=\"512\" src=\"https:\/\/advohc.com\/wp-content\/uploads\/2024\/08\/internship.png\" class=\"attachment-full size-full wp-image-237\" alt=\"\" srcset=\"https:\/\/advohc.com\/wp-content\/uploads\/2024\/08\/internship.png 512w, https:\/\/advohc.com\/wp-content\/uploads\/2024\/08\/internship-300x300.png 300w, https:\/\/advohc.com\/wp-content\/uploads\/2024\/08\/internship-150x150.png 150w\" sizes=\"(max-width: 512px) 100vw, 512px\" \/><\/figure><div class=\"elementor-image-box-content\"><h3 class=\"elementor-image-box-title\">Treinamento e desenvolvimento cont\u00ednuos<\/h3><p class=\"elementor-image-box-description\">Acreditamos em investir em nossos profissionais de sa\u00fade. \u00c9 por isso que oferecemos treinamento cont\u00ednuo e oportunidades de desenvolvimento profissional para ajud\u00e1-lo a crescer em sua carreira. N\u00e3o importa se voc\u00ea est\u00e1 apenas come\u00e7ando ou se j\u00e1 tem anos de experi\u00eancia, oferecemos os recursos e o suporte de que voc\u00ea precisa para ter sucesso.<\/p><\/div><\/div>\t\t\t\t<\/div>\n\t\t\t\t<\/div>\n\t\t\t\t<div class=\"elementor-element elementor-element-1762427 elementor-position-left elementor-vertical-align-top elementor-widget elementor-widget-image-box\" data-id=\"1762427\" data-element_type=\"widget\" data-e-type=\"widget\" data-widget_type=\"image-box.default\">\n\t\t\t\t<div class=\"elementor-widget-container\">\n\t\t\t\t\t<div class=\"elementor-image-box-wrapper\"><figure class=\"elementor-image-box-img\"><img fetchpriority=\"high\" decoding=\"async\" width=\"512\" height=\"512\" src=\"https:\/\/advohc.com\/wp-content\/uploads\/2024\/08\/medical-team.png\" class=\"attachment-full size-full wp-image-238\" alt=\"\" srcset=\"https:\/\/advohc.com\/wp-content\/uploads\/2024\/08\/medical-team.png 512w, https:\/\/advohc.com\/wp-content\/uploads\/2024\/08\/medical-team-300x300.png 300w, https:\/\/advohc.com\/wp-content\/uploads\/2024\/08\/medical-team-150x150.png 150w\" sizes=\"(max-width: 512px) 100vw, 512px\" \/><\/figure><div class=\"elementor-image-box-content\"><h3 class=\"elementor-image-box-title\">Hor\u00e1rios flex\u00edveis<\/h3><p class=\"elementor-image-box-description\">Entendemos que a vida pode ser agitada, por isso oferecemos op\u00e7\u00f5es flex\u00edveis de agendamento para se adequar ao seu estilo de vida. Se voc\u00ea estiver procurando oportunidades em tempo integral, meio per\u00edodo ou per diem, temos uma variedade de posi\u00e7\u00f5es dispon\u00edveis para atender \u00e0s suas necessidades.\n\n<\/p><\/div><\/div>\t\t\t\t<\/div>\n\t\t\t\t<\/div>\n\t\t\t\t<div class=\"elementor-element elementor-element-917785c premium-lq__none elementor-widget elementor-widget-premium-addon-button\" data-id=\"917785c\" data-element_type=\"widget\" data-e-type=\"widget\" data-widget_type=\"premium-addon-button.default\">\n\t\t\t\t<div class=\"elementor-widget-container\">\n\t\t\t\t\t\n\n\t\t<a class=\"premium-button premium-button-style1 premium-btn-lg premium-button-style1-right\" href=\"https:\/\/advohc.com\/pt\/contact\/\">\n\t\t\t<div class=\"premium-button-text-icon-wrapper\">\n\t\t\t\t\n\t\t\t\t\t\t\t\t\t<span >\n\t\t\t\t\t\tEntre em contato conosco para participar\t\t\t\t\t<\/span>\n\t\t\t\t\t\t\t<\/div>\n\n\t\t\t\n\t\t\t\n\t\t\t\n\t\t<\/a>\n\n\n\t\t\t\t\t\t<\/div>\n\t\t\t\t<\/div>\n\t\t\t\t<\/div>\n\t\t<div class=\"elementor-element elementor-element-aaaf901 e-con-full e-flex e-con e-child\" data-id=\"aaaf901\" data-element_type=\"container\" data-e-type=\"container\" data-settings=\"{&quot;background_background&quot;:&quot;classic&quot;}\">\n\t\t\t\t<div class=\"elementor-element elementor-element-03d5056 elementor-widget elementor-widget-spacer\" data-id=\"03d5056\" data-element_type=\"widget\" data-e-type=\"widget\" data-widget_type=\"spacer.default\">\n\t\t\t\t<div class=\"elementor-widget-container\">\n\t\t\t\t\t\t\t<div class=\"elementor-spacer\">\n\t\t\t<div class=\"elementor-spacer-inner\"><\/div>\n\t\t<\/div>\n\t\t\t\t\t\t<\/div>\n\t\t\t\t<\/div>\n\t\t\t\t<\/div>\n\t\t\t\t<\/div>\n\t\t\t\t\t<\/div>\n\t\t\t\t<\/div>\n\t\t\t\t<\/div>","protected":false},"excerpt":{"rendered":"<p>Employment Join the Advocates for Homecare Team At Advocates for Homecare, we believe that exceptional care starts with exceptional caregivers. If you have a passion for helping others and a commitment to making a positive difference in people&#8217;s lives, we invite you to join our team of dedicated home care professionals. Why Work with Us? [&hellip;]<\/p>","protected":false},"author":1,"featured_media":0,"parent":0,"menu_order":0,"comment_status":"closed","ping_status":"closed","template":"elementor_header_footer","meta":{"footnotes":""},"class_list":["post-12","page","type-page","status-publish","hentry"],"yoast_head":"<!-- This site is optimized with the Yoast SEO plugin v23.4 - https:\/\/yoast.com\/wordpress\/plugins\/seo\/ -->\n<title>Employment - Caring for Loved Ones Together!<\/title>\n<meta name=\"robots\" content=\"index, follow, max-snippet:-1, max-image-preview:large, max-video-preview:-1\" \/>\n<link rel=\"canonical\" href=\"https:\/\/advohc.com\/pt\/employment\/\" \/>\n<meta property=\"og:locale\" content=\"pt_BR\" \/>\n<meta property=\"og:type\" content=\"article\" \/>\n<meta property=\"og:title\" content=\"Employment - Caring for Loved Ones Together!\" \/>\n<meta property=\"og:description\" content=\"Employment Join the Advocates for Homecare Team At Advocates for Homecare, we believe that exceptional care starts with exceptional caregivers. If you have a passion for helping others and a commitment to making a positive difference in people&#8217;s lives, we invite you to join our team of dedicated home care professionals. Why Work with Us? [&hellip;]\" \/>\n<meta property=\"og:url\" content=\"https:\/\/advohc.com\/pt\/employment\/\" \/>\n<meta property=\"og:site_name\" content=\"Caring for Loved Ones Together!\" \/>\n<meta property=\"article:modified_time\" content=\"2025-02-02T02:50:17+00:00\" \/>\n<meta property=\"og:image\" content=\"https:\/\/advohc.com\/wp-content\/uploads\/2024\/08\/medical-team.png\" \/>\n<meta name=\"twitter:card\" content=\"summary_large_image\" \/>\n<meta name=\"twitter:label1\" content=\"Est. tempo de leitura\" \/>\n\t<meta name=\"twitter:data1\" content=\"2 minutos\" \/>\n<script type=\"application\/ld+json\" class=\"yoast-schema-graph\">{\"@context\":\"https:\/\/schema.org\",\"@graph\":[{\"@type\":\"WebPage\",\"@id\":\"https:\/\/advohc.com\/employment\/\",\"url\":\"https:\/\/advohc.com\/employment\/\",\"name\":\"Employment - Caring for Loved Ones Together!\",\"isPartOf\":{\"@id\":\"https:\/\/advohc.com\/#website\"},\"primaryImageOfPage\":{\"@id\":\"https:\/\/advohc.com\/employment\/#primaryimage\"},\"image\":{\"@id\":\"https:\/\/advohc.com\/employment\/#primaryimage\"},\"thumbnailUrl\":\"https:\/\/advohc.com\/wp-content\/uploads\/2024\/08\/medical-team.png\",\"datePublished\":\"2024-08-29T17:21:27+00:00\",\"dateModified\":\"2025-02-02T02:50:17+00:00\",\"breadcrumb\":{\"@id\":\"https:\/\/advohc.com\/employment\/#breadcrumb\"},\"inLanguage\":\"pt-BR\",\"potentialAction\":[{\"@type\":\"ReadAction\",\"target\":[\"https:\/\/advohc.com\/employment\/\"]}]},{\"@type\":\"ImageObject\",\"inLanguage\":\"pt-BR\",\"@id\":\"https:\/\/advohc.com\/employment\/#primaryimage\",\"url\":\"https:\/\/advohc.com\/wp-content\/uploads\/2024\/08\/medical-team.png\",\"contentUrl\":\"https:\/\/advohc.com\/wp-content\/uploads\/2024\/08\/medical-team.png\"},{\"@type\":\"BreadcrumbList\",\"@id\":\"https:\/\/advohc.com\/employment\/#breadcrumb\",\"itemListElement\":[{\"@type\":\"ListItem\",\"position\":1,\"name\":\"Home\",\"item\":\"https:\/\/advohc.com\/\"},{\"@type\":\"ListItem\",\"position\":2,\"name\":\"Employment\"}]},{\"@type\":\"WebSite\",\"@id\":\"https:\/\/advohc.com\/#website\",\"url\":\"https:\/\/advohc.com\/\",\"name\":\"Caring for Loved Ones Together!\",\"description\":\"\",\"publisher\":{\"@id\":\"https:\/\/advohc.com\/#organization\"},\"potentialAction\":[{\"@type\":\"SearchAction\",\"target\":{\"@type\":\"EntryPoint\",\"urlTemplate\":\"https:\/\/advohc.com\/?s={search_term_string}\"},\"query-input\":{\"@type\":\"PropertyValueSpecification\",\"valueRequired\":true,\"valueName\":\"search_term_string\"}}],\"inLanguage\":\"pt-BR\"},{\"@type\":\"Organization\",\"@id\":\"https:\/\/advohc.com\/#organization\",\"name\":\"Caring for Loved Ones Together!\",\"url\":\"https:\/\/advohc.com\/\",\"logo\":{\"@type\":\"ImageObject\",\"inLanguage\":\"pt-BR\",\"@id\":\"https:\/\/advohc.com\/#\/schema\/logo\/image\/\",\"url\":\"https:\/\/advohc.com\/wp-content\/uploads\/2024\/08\/lOGO-01-scaled.jpg\",\"contentUrl\":\"https:\/\/advohc.com\/wp-content\/uploads\/2024\/08\/lOGO-01-scaled.jpg\",\"width\":2560,\"height\":2560,\"caption\":\"Caring for Loved Ones Together!\"},\"image\":{\"@id\":\"https:\/\/advohc.com\/#\/schema\/logo\/image\/\"}}]}<\/script>\n<!-- \/ Yoast SEO plugin. -->","yoast_head_json":{"title":"Employment - Caring for Loved Ones Together!","robots":{"index":"index","follow":"follow","max-snippet":"max-snippet:-1","max-image-preview":"max-image-preview:large","max-video-preview":"max-video-preview:-1"},"canonical":"https:\/\/advohc.com\/pt\/employment\/","og_locale":"pt_BR","og_type":"article","og_title":"Employment - Caring for Loved Ones Together!","og_description":"Employment Join the Advocates for Homecare Team At Advocates for Homecare, we believe that exceptional care starts with exceptional caregivers. If you have a passion for helping others and a commitment to making a positive difference in people&#8217;s lives, we invite you to join our team of dedicated home care professionals. Why Work with Us? [&hellip;]","og_url":"https:\/\/advohc.com\/pt\/employment\/","og_site_name":"Caring for Loved Ones Together!","article_modified_time":"2025-02-02T02:50:17+00:00","og_image":[{"url":"https:\/\/advohc.com\/wp-content\/uploads\/2024\/08\/medical-team.png"}],"twitter_card":"summary_large_image","twitter_misc":{"Est. tempo de leitura":"2 minutos"},"schema":{"@context":"https:\/\/schema.org","@graph":[{"@type":"WebPage","@id":"https:\/\/advohc.com\/employment\/","url":"https:\/\/advohc.com\/employment\/","name":"Employment - Caring for Loved Ones Together!","isPartOf":{"@id":"https:\/\/advohc.com\/#website"},"primaryImageOfPage":{"@id":"https:\/\/advohc.com\/employment\/#primaryimage"},"image":{"@id":"https:\/\/advohc.com\/employment\/#primaryimage"},"thumbnailUrl":"https:\/\/advohc.com\/wp-content\/uploads\/2024\/08\/medical-team.png","datePublished":"2024-08-29T17:21:27+00:00","dateModified":"2025-02-02T02:50:17+00:00","breadcrumb":{"@id":"https:\/\/advohc.com\/employment\/#breadcrumb"},"inLanguage":"pt-BR","potentialAction":[{"@type":"ReadAction","target":["https:\/\/advohc.com\/employment\/"]}]},{"@type":"ImageObject","inLanguage":"pt-BR","@id":"https:\/\/advohc.com\/employment\/#primaryimage","url":"https:\/\/advohc.com\/wp-content\/uploads\/2024\/08\/medical-team.png","contentUrl":"https:\/\/advohc.com\/wp-content\/uploads\/2024\/08\/medical-team.png"},{"@type":"BreadcrumbList","@id":"https:\/\/advohc.com\/employment\/#breadcrumb","itemListElement":[{"@type":"ListItem","position":1,"name":"Home","item":"https:\/\/advohc.com\/"},{"@type":"ListItem","position":2,"name":"Employment"}]},{"@type":"WebSite","@id":"https:\/\/advohc.com\/#website","url":"https:\/\/advohc.com\/","name":"Cuidando juntos de seus entes queridos!","description":"","publisher":{"@id":"https:\/\/advohc.com\/#organization"},"potentialAction":[{"@type":"SearchAction","target":{"@type":"EntryPoint","urlTemplate":"https:\/\/advohc.com\/?s={search_term_string}"},"query-input":{"@type":"PropertyValueSpecification","valueRequired":true,"valueName":"search_term_string"}}],"inLanguage":"pt-BR"},{"@type":"Organization","@id":"https:\/\/advohc.com\/#organization","name":"Cuidando juntos de seus entes queridos!","url":"https:\/\/advohc.com\/","logo":{"@type":"ImageObject","inLanguage":"pt-BR","@id":"https:\/\/advohc.com\/#\/schema\/logo\/image\/","url":"https:\/\/advohc.com\/wp-content\/uploads\/2024\/08\/lOGO-01-scaled.jpg","contentUrl":"https:\/\/advohc.com\/wp-content\/uploads\/2024\/08\/lOGO-01-scaled.jpg","width":2560,"height":2560,"caption":"Caring for Loved Ones Together!"},"image":{"@id":"https:\/\/advohc.com\/#\/schema\/logo\/image\/"}}]}},"_links":{"self":[{"href":"https:\/\/advohc.com\/pt\/wp-json\/wp\/v2\/pages\/12"}],"collection":[{"href":"https:\/\/advohc.com\/pt\/wp-json\/wp\/v2\/pages"}],"about":[{"href":"https:\/\/advohc.com\/pt\/wp-json\/wp\/v2\/types\/page"}],"author":[{"embeddable":true,"href":"https:\/\/advohc.com\/pt\/wp-json\/wp\/v2\/users\/1"}],"replies":[{"embeddable":true,"href":"https:\/\/advohc.com\/pt\/wp-json\/wp\/v2\/comments?post=12"}],"version-history":[{"count":34,"href":"https:\/\/advohc.com\/pt\/wp-json\/wp\/v2\/pages\/12\/revisions"}],"predecessor-version":[{"id":992,"href":"https:\/\/advohc.com\/pt\/wp-json\/wp\/v2\/pages\/12\/revisions\/992"}],"wp:attachment":[{"href":"https:\/\/advohc.com\/pt\/wp-json\/wp\/v2\/media?parent=12"}],"curies":[{"name":"wp","href":"https:\/\/api.w.org\/{rel}","templated":true}]}}